{"id":65,"date":"2024-12-31T00:50:31","date_gmt":"2024-12-30T23:50:31","guid":{"rendered":"https:\/\/lokalbakis.de\/?page_id=65"},"modified":"2025-04-04T21:45:31","modified_gmt":"2025-04-04T19:45:31","slug":"kuenyemiz","status":"publish","type":"page","link":"https:\/\/lokalbakis.de\/?page_id=65","title":{"rendered":"K\u00fcnyemiz"},"content":{"rendered":"\r\n<p class=\"wp-block-paragraph\" data-start=\"91\" data-end=\"128\"><strong data-start=\"91\" data-end=\"128\">LokalBakis.de \u2013 K\u00fcnye \/ Impressum<\/strong><\/p>\r\n<p class=\"\" data-start=\"130\" data-end=\"179\"><strong data-start=\"130\" data-end=\"163\">\u0130mtiyaz Sahibi (Herausgeber):<\/strong><\/p>\r\n<p class=\"\" data-start=\"44\" data-end=\"96\"><strong data-start=\"44\" data-end=\"96\">\u0130mpressum \/ Sa\u011flay\u0131c\u0131 Bilgileri \u00a7 5 TMG uyar\u0131nca<\/strong><\/p>\r\n<p class=\"\" data-start=\"98\" data-end=\"211\"><strong data-start=\"98\" data-end=\"151\">\u00a7 55 Abs. 2 RStV uyar\u0131nca i\u00e7erikten sorumlu ki\u015fi:<\/strong><br data-start=\"151\" data-end=\"154\" \/>Mustafa G\u00fclec<br data-start=\"167\" data-end=\"170\" \/>Eurotec-Ring 15<br data-start=\"185\" data-end=\"188\" \/>47445 Moers<br data-start=\"199\" data-end=\"202\" \/>Almanya<\/p>\r\n<p class=\"\" data-start=\"213\" data-end=\"300\">Telefon: +49 176 61101464<br data-start=\"238\" data-end=\"241\" \/>E-posta: <a rel=\"noopener\" data-start=\"250\" data-end=\"268\">info@lokalbakis.de<\/a><br data-start=\"268\" data-end=\"271\" \/>Web sitesi: <a class=\"\" href=\"http:\/\/www.lokalbakis.de\" target=\"_new\" rel=\"noopener\" data-start=\"283\" data-end=\"300\">www.lokalbakis.de<\/a><\/p>\r\n<p class=\"\" data-start=\"130\" data-end=\"179\">\r\n\r\n<\/p>\r\n<p class=\"wp-block-paragraph\">&nbsp;<\/p>\r\n<p class=\"\" data-start=\"181\" data-end=\"252\"><strong data-start=\"181\" data-end=\"236\">Genel Yay\u0131n Y\u00f6netmeni (Verantwortlicher Redakteur):<\/strong><br data-start=\"236\" data-end=\"239\" \/>Mustafa G\u00fclec<\/p>\r\n<p class=\"\" data-start=\"254\" data-end=\"310\"><strong data-start=\"254\" data-end=\"281\">Redaksiyon (Redaktion):<\/strong><br data-start=\"281\" data-end=\"284\" \/>Zeliha G\u00fclec<br data-start=\"296\" data-end=\"299\" \/>\u00d6zg\u00fcr Soman<\/p>\r\n<p class=\"\" data-start=\"312\" data-end=\"372\"><strong data-start=\"312\" data-end=\"358\">Redaksiyon Asistan\u0131 (Redaktionsassistenz):<\/strong><br data-start=\"358\" data-end=\"361\" \/>Merve G\u00fclec<\/p>\r\n<p class=\"\" data-start=\"374\" data-end=\"445\"><strong data-start=\"374\" data-end=\"429\">Teknik Hizmet ve Web Deste\u011fi (Technischer Support):<\/strong><br data-start=\"429\" data-end=\"432\" \/>Medyator Film<\/p>\r\n<p>&nbsp;<\/p>\r\n<p>&nbsp;<\/p>\r\n","protected":false},"excerpt":{"rendered":"<p>LokalBakis.de \u2013 K\u00fcnye \/ Impressum \u0130mtiyaz Sahibi (Herausgeber): \u0130mpressum \/ Sa\u011flay\u0131c\u0131 Bilgileri \u00a7 5 TMG uyar\u0131nca \u00a7 55 Abs. 2 RStV uyar\u0131nca i\u00e7erikten sorumlu ki\u015fi:Mustafa G\u00fclecEurotec-Ring 1547445 MoersAlmanya Telefon: +49 176 61101464E-posta: info@lokalbakis.deWeb sitesi: www.lokalbakis.de &nbsp; Genel Yay\u0131n Y\u00f6netmeni (Verantwortlicher Redakteur):Mustafa G\u00fclec Redaksiyon (Redaktion):Zeliha G\u00fclec\u00d6zg\u00fcr Soman Redaksiyon Asistan\u0131 (Redaktionsassistenz):Merve G\u00fclec Teknik Hizmet ve Web Deste\u011fi [&hellip;]<\/p>\n","protected":false},"author":1,"featured_media":0,"parent":0,"menu_order":0,"comment_status":"closed","ping_status":"closed","template":"","meta":{"_crdt_document":"","footnotes":""},"class_list":["post-65","page","type-page","status-publish","hentry"],"jetpack_sharing_enabled":true,"_links":{"self":[{"href":"https:\/\/lokalbakis.de\/index.php?rest_route=\/wp\/v2\/pages\/65","targetHints":{"allow":["GET"]}}],"collection":[{"href":"https:\/\/lokalbakis.de\/index.php?rest_route=\/wp\/v2\/pages"}],"about":[{"href":"https:\/\/lokalbakis.de\/index.php?rest_route=\/wp\/v2\/types\/page"}],"author":[{"embeddable":true,"href":"https:\/\/lokalbakis.de\/index.php?rest_route=\/wp\/v2\/users\/1"}],"replies":[{"embeddable":true,"href":"https:\/\/lokalbakis.de\/index.php?rest_route=%2Fwp%2Fv2%2Fcomments&post=65"}],"version-history":[{"count":3,"href":"https:\/\/lokalbakis.de\/index.php?rest_route=\/wp\/v2\/pages\/65\/revisions"}],"predecessor-version":[{"id":166,"href":"https:\/\/lokalbakis.de\/index.php?rest_route=\/wp\/v2\/pages\/65\/revisions\/166"}],"wp:attachment":[{"href":"https:\/\/lokalbakis.de\/index.php?rest_route=%2Fwp%2Fv2%2Fmedia&parent=65"}],"curies":[{"name":"wp","href":"https:\/\/api.w.org\/{rel}","templated":true}]}}